{"id":64,"date":"2019-01-25T11:18:20","date_gmt":"2019-01-25T10:18:20","guid":{"rendered":"http:\/\/poukaz.citadela.sk\/?page_id=64"},"modified":"2023-11-06T10:18:31","modified_gmt":"2023-11-06T09:18:31","slug":"zamestnavatel-3","status":"publish","type":"page","link":"https:\/\/www.edenred.sk\/prispevok-na-dovolenku\/?page_id=64","title":{"rendered":"Zamestn\u00e1vate\u013e OLD"},"content":{"rendered":"","protected":false},"excerpt":{"rendered":"","protected":false},"author":1,"featured_media":0,"parent":0,"menu_order":0,"comment_status":"closed","ping_status":"closed","template":"","meta":{"_monsterinsights_skip_tracking":false,"_monsterinsights_sitenote_active":false,"_monsterinsights_sitenote_note":"","_monsterinsights_sitenote_category":0,"footnotes":""},"class_list":["post-64","page","type-page","status-publish","hentry"],"yoast_head":"<!-- This site is optimized with the Yoast SEO plugin v26.7 - https:\/\/yoast.com\/wordpress\/plugins\/seo\/ -->\n<title>Zamestn\u00e1vate\u013e OLD - Rekrea\u010dn\u00fd poukaz<\/title>\n<meta name=\"robots\" content=\"index, follow, max-snippet:-1, max-image-preview:large, max-video-preview:-1\" \/>\n<link rel=\"canonical\" href=\"https:\/\/www.edenred.sk\/prispevok-na-dovolenku\/?page_id=64\" \/>\n<meta property=\"og:locale\" content=\"sk_SK\" \/>\n<meta property=\"og:type\" content=\"article\" \/>\n<meta property=\"og:title\" content=\"Zamestn\u00e1vate\u013e OLD - Rekrea\u010dn\u00fd poukaz\" \/>\n<meta property=\"og:url\" content=\"https:\/\/www.edenred.sk\/prispevok-na-dovolenku\/?page_id=64\" \/>\n<meta property=\"og:site_name\" content=\"Rekrea\u010dn\u00fd poukaz\" \/>\n<meta property=\"article:modified_time\" content=\"2023-11-06T09:18:31+00:00\" \/>\n<meta name=\"twitter:card\" content=\"summary_large_image\" \/>\n<script type=\"application\/ld+json\" class=\"yoast-schema-graph\">{\"@context\":\"https:\/\/schema.org\",\"@graph\":[{\"@type\":\"WebPage\",\"@id\":\"https:\/\/www.edenred.sk\/prispevok-na-dovolenku\/?page_id=64\",\"url\":\"https:\/\/www.edenred.sk\/prispevok-na-dovolenku\/?page_id=64\",\"name\":\"Zamestn\u00e1vate\u013e OLD - Rekrea\u010dn\u00fd poukaz\",\"isPartOf\":{\"@id\":\"https:\/\/www.edenred.sk\/prispevok-na-dovolenku\/#website\"},\"datePublished\":\"2019-01-25T10:18:20+00:00\",\"dateModified\":\"2023-11-06T09:18:31+00:00\",\"breadcrumb\":{\"@id\":\"https:\/\/www.edenred.sk\/prispevok-na-dovolenku\/?page_id=64#breadcrumb\"},\"inLanguage\":\"sk-SK\",\"potentialAction\":[{\"@type\":\"ReadAction\",\"target\":[\"https:\/\/www.edenred.sk\/prispevok-na-dovolenku\/?page_id=64\"]}]},{\"@type\":\"BreadcrumbList\",\"@id\":\"https:\/\/www.edenred.sk\/prispevok-na-dovolenku\/?page_id=64#breadcrumb\",\"itemListElement\":[{\"@type\":\"ListItem\",\"position\":1,\"name\":\"Home\",\"item\":\"https:\/\/www.edenred.sk\/prispevok-na-dovolenku\/\"},{\"@type\":\"ListItem\",\"position\":2,\"name\":\"Zamestn\u00e1vate\u013e OLD\"}]},{\"@type\":\"WebSite\",\"@id\":\"https:\/\/www.edenred.sk\/prispevok-na-dovolenku\/#website\",\"url\":\"https:\/\/www.edenred.sk\/prispevok-na-dovolenku\/\",\"name\":\"Rekrea\u010dn\u00fd poukaz\",\"description\":\"\",\"potentialAction\":[{\"@type\":\"SearchAction\",\"target\":{\"@type\":\"EntryPoint\",\"urlTemplate\":\"https:\/\/www.edenred.sk\/prispevok-na-dovolenku\/?s={search_term_string}\"},\"query-input\":{\"@type\":\"PropertyValueSpecification\",\"valueRequired\":true,\"valueName\":\"search_term_string\"}}],\"inLanguage\":\"sk-SK\"}]}<\/script>\n<!-- \/ Yoast SEO plugin. -->","yoast_head_json":{"title":"Zamestn\u00e1vate\u013e OLD - Rekrea\u010dn\u00fd poukaz","robots":{"index":"index","follow":"follow","max-snippet":"max-snippet:-1","max-image-preview":"max-image-preview:large","max-video-preview":"max-video-preview:-1"},"canonical":"https:\/\/www.edenred.sk\/prispevok-na-dovolenku\/?page_id=64","og_locale":"sk_SK","og_type":"article","og_title":"Zamestn\u00e1vate\u013e OLD - Rekrea\u010dn\u00fd poukaz","og_url":"https:\/\/www.edenred.sk\/prispevok-na-dovolenku\/?page_id=64","og_site_name":"Rekrea\u010dn\u00fd poukaz","article_modified_time":"2023-11-06T09:18:31+00:00","twitter_card":"summary_large_image","schema":{"@context":"https:\/\/schema.org","@graph":[{"@type":"WebPage","@id":"https:\/\/www.edenred.sk\/prispevok-na-dovolenku\/?page_id=64","url":"https:\/\/www.edenred.sk\/prispevok-na-dovolenku\/?page_id=64","name":"Zamestn\u00e1vate\u013e OLD - Rekrea\u010dn\u00fd poukaz","isPartOf":{"@id":"https:\/\/www.edenred.sk\/prispevok-na-dovolenku\/#website"},"datePublished":"2019-01-25T10:18:20+00:00","dateModified":"2023-11-06T09:18:31+00:00","breadcrumb":{"@id":"https:\/\/www.edenred.sk\/prispevok-na-dovolenku\/?page_id=64#breadcrumb"},"inLanguage":"sk-SK","potentialAction":[{"@type":"ReadAction","target":["https:\/\/www.edenred.sk\/prispevok-na-dovolenku\/?page_id=64"]}]},{"@type":"BreadcrumbList","@id":"https:\/\/www.edenred.sk\/prispevok-na-dovolenku\/?page_id=64#breadcrumb","itemListElement":[{"@type":"ListItem","position":1,"name":"Home","item":"https:\/\/www.edenred.sk\/prispevok-na-dovolenku\/"},{"@type":"ListItem","position":2,"name":"Zamestn\u00e1vate\u013e OLD"}]},{"@type":"WebSite","@id":"https:\/\/www.edenred.sk\/prispevok-na-dovolenku\/#website","url":"https:\/\/www.edenred.sk\/prispevok-na-dovolenku\/","name":"Rekrea\u010dn\u00fd poukaz","description":"","potentialAction":[{"@type":"SearchAction","target":{"@type":"EntryPoint","urlTemplate":"https:\/\/www.edenred.sk\/prispevok-na-dovolenku\/?s={search_term_string}"},"query-input":{"@type":"PropertyValueSpecification","valueRequired":true,"valueName":"search_term_string"}}],"inLanguage":"sk-SK"}]}},"_links":{"self":[{"href":"https:\/\/www.edenred.sk\/prispevok-na-dovolenku\/index.php?rest_route=\/wp\/v2\/pages\/64","targetHints":{"allow":["GET"]}}],"collection":[{"href":"https:\/\/www.edenred.sk\/prispevok-na-dovolenku\/index.php?rest_route=\/wp\/v2\/pages"}],"about":[{"href":"https:\/\/www.edenred.sk\/prispevok-na-dovolenku\/index.php?rest_route=\/wp\/v2\/types\/page"}],"author":[{"embeddable":true,"href":"https:\/\/www.edenred.sk\/prispevok-na-dovolenku\/index.php?rest_route=\/wp\/v2\/users\/1"}],"replies":[{"embeddable":true,"href":"https:\/\/www.edenred.sk\/prispevok-na-dovolenku\/index.php?rest_route=%2Fwp%2Fv2%2Fcomments&post=64"}],"version-history":[{"count":2,"href":"https:\/\/www.edenred.sk\/prispevok-na-dovolenku\/index.php?rest_route=\/wp\/v2\/pages\/64\/revisions"}],"predecessor-version":[{"id":177,"href":"https:\/\/www.edenred.sk\/prispevok-na-dovolenku\/index.php?rest_route=\/wp\/v2\/pages\/64\/revisions\/177"}],"wp:attachment":[{"href":"https:\/\/www.edenred.sk\/prispevok-na-dovolenku\/index.php?rest_route=%2Fwp%2Fv2%2Fmedia&parent=64"}],"curies":[{"name":"wp","href":"https:\/\/api.w.org\/{rel}","templated":true}]}}